{"id":159,"date":"2020-04-02T15:32:28","date_gmt":"2020-04-02T14:32:28","guid":{"rendered":"http:\/\/192.168.1.22\/?page_id=159"},"modified":"2020-05-27T14:12:52","modified_gmt":"2020-05-27T13:12:52","slug":"conditions-dutilisation","status":"publish","type":"page","link":"https:\/\/www.theclonebox.com\/?page_id=159","title":{"rendered":"Conditions d&#8217;utilisation"},"content":{"rendered":"\n<p>Ce document d\u00e9crit les conditions g\u00e9n\u00e9rales d&#8217;utilisation de theclonebox.com<br>Si vous avez des questions au sujet de ces conditions dont il n&#8217;y a pas de r\u00e9ponse, merci de nous contacter.<br><br>MERCI DE LIRE AVEC ATTENTION CES CONDITIONS D&#8217;UTILISATION<\/p>\n\n\n\n<h2 class=\"wp-block-heading\"><span class=\"has-inline-color has-vivid-red-color\">Dans les grandes lignes :<\/span><\/h2>\n\n\n\n<ul><li><span class=\"has-inline-color has-light-green-cyan-color\"><strong>Ce site est mis \u00e0 disposition gratuitement et sans aucune publicit\u00e9. Les administrateurs ne sont donc aucunement r\u00e9mun\u00e9r\u00e9s. Si vous d\u00e9sirez faire un don, veuillez contacter le membre <\/strong><a href=\"https:\/\/www.theclonebox.com\/index.php\/my-profile\/?uid=1\">Clonedefeat<\/a>.<\/span><\/li><li><strong><span class=\"has-inline-color has-vivid-red-color\">Postez une annonce d&#8217;un article que vous poss\u00e9dez de fa\u00e7on l\u00e9gale<\/span><\/strong>.<\/li><li><strong><span class=\"has-inline-color has-vivid-red-color\">Sur la page de profil d&#8217;un utilisateur, sur la droite il y a un bouton &#8220;Message&#8221;. Vous pourrez envoyer un message au membre. Chaque membre re\u00e7oit un e-mail lorsqu&#8217;il a \u00e9t\u00e9 contact\u00e9.<\/span><\/strong><\/li><li><strong><span class=\"has-inline-color has-vivid-red-color\">Supprimez votre annonce une fois que votre article est vendu => depuis votre <a href=\"https:\/\/www.theclonebox.com\/index.php\/tableau-de-bord\/\">tableau de bord<\/a>.<\/span><\/strong><\/li><li><span class=\"has-inline-color has-vivid-red-color\"><strong>Pas d&#8217;armes \u00e0 feu, de d\u00e9fense ni \u00e0 plomb, pas de spray au poivre, etc&#8230; <br>Uniquement des r\u00e9pliques d&#8217;airsoft.<\/strong><\/span><\/li><li><strong><span class=\"has-inline-color has-vivid-red-color\">Ne tentez pas de r\u00e9duire les performances ou de supprimer le site par quelque moyen que ce soit, s&#8217;il vous pla\u00eet.<\/span><\/strong><\/li><li><strong><span class=\"has-inline-color has-light-green-cyan-color\">Toutes vos donn\u00e9es priv\u00e9es sont s\u00e9curis\u00e9es et ne seront jamais divulgu\u00e9es \u00e0 des tiers (exception : aux autorit\u00e9s lors d&#8217;une proc\u00e9dure officielle).<\/span><\/strong><\/li><li><strong><span class=\"has-inline-color has-vivid-red-color\">Bien du plaisir.<\/span><\/strong><\/li><\/ul>\n\n\n\n<p><br>En vous connectant sur theclonebox.com, vous acceptez les termes et les conditions de ces conditions d&#8217;utilisation, de la protection de la vie priv\u00e9e et des donn\u00e9es.<br><br><br><strong>1.- Acceptation des conditions<\/strong><br><br>En vous inscrivant ou en continuant \u00e0 utiliser theclonebox.com, vous acceptez les termes et les conditions de ces conditions d&#8217;utilisation, la protection de la vie priv\u00e9e et des donn\u00e9es. Aussi, vous acceptez de respecter les diff\u00e9rents guides et recommandations publi\u00e9s sur theclonebox.com.<br>theclonebox.com peut modifier en tout temps ces conditions. Si vous n&#8217;acceptez pas les modifications, vous devez demander la fermeture de votre compte.<br>Si vous continuez \u00e0 utiliser nos services, cela signifie que vous acceptez la mise \u00e0 jour des conditions.<br><br><br><strong>2.- R\u00f4le de theclonebox.com<\/strong><br><br>theclonebox.com agit en tant que service ind\u00e9pendant permettant la mise en contact de personnes d\u00e9sireuses d&#8217;acheter, vendre, donner, \u00e9changer du mat\u00e9riel d&#8217;airsoft. Nous ne poss\u00e9dons donc pas, et ne nous occupons pas des biens et des services propos\u00e9s dans les annonces. De ce fait, nous ne pouvons pas v\u00e9rifier ou assurer la qualit\u00e9, la s\u00e9curit\u00e9, ou la l\u00e9galit\u00e9 des annonces et du contenu publi\u00e9 sur theclonebox.com.<br><br><br><strong>3.- Obligation des membres<\/strong><br><br>Vous \u00eates responsable de vos informations et theclonebox.com agit comme publieur passif pour vos annonces en lignes et leur publication.<br>Vos informations (ou contenus) incluent tout information que vous fournissez \u00e0 theclonebox.com ou aux autres membres durant le processus d&#8217;enregistrement, les transactions, la publication d&#8217;annonces. Ceci inclut autant le texte que les images.<br>Vous acceptez que theclonebox.com ne puisse pas visionner et contr\u00f4ler les annonces avant leur parution, mais que theclonebox.com puisse (sans obligation) refuser, modifier et r\u00e9organiser tout contenu qui est fournis par le service.<br>De plus, en tout temps, et \u00e0 sa seule discr\u00e9tion, theclonebox.com a le droit de suspendre, bloquer ou supprimer votre compte et de refuser tout actuelle ou future utilisation de ses services.<br>theclonebox.com se r\u00e9serve le droit de changer ou terminer, temporairement ou de mani\u00e8re permanente, tout ou partie de ses services \u00e0 tout moment et sans avertissement pr\u00e9alable. L&#8217;annonceur est enti\u00e8rement responsable des informations publi\u00e9es et des comportements dont il fait preuve durant les transactions auxquelles il participe, sous peine de suppression de ses annonces et\/ou de son compte, voir de d\u00e9nonciation dans les cas graves.<br><br><br><strong>4.- Contenu publi\u00e9 sur theclonebox.com<\/strong><br><br>Vous certifiez que les informations et les contenus que vous postez sur theclonebox.com sont :<\/p>\n\n\n\n<ul><li>Du domaine de l&#8217;airsoft ;<\/li><li>Vrais, \u00e0 jour ;<\/li><li>Conformes \u00e0 la r\u00e9alit\u00e9 ;<\/li><li>Non frauduleux et ne concernent pas un bien vol\u00e9 ;<\/li><li>En accord avec la loi en vigueur en Suisse ;<\/li><li>Non diffamatoires ;<\/li><\/ul>\n\n\n\n<p><strong>5.- Licence<\/strong><br><br>Vous acceptez de nous c\u00e9der un droit d&#8217;exercice non exclusif, international, perp\u00e9tuel, irr\u00e9vocable, sans royalties, du copyright et du droit public (et pas d&#8217;autres droits) que vous avez sur le contenu de vos annonces dans n&#8217;importe quel media, actuellement connu ou actuellement non connu.<br><br><br><strong>6.- Protection des donn\u00e9es<\/strong><br><br>theclonebox.com traite les donn\u00e9es personnelles en conformit\u00e9 avec nos engagements sur la protection de la vie priv\u00e9e.<br>Nous ne communiquerons ou ne vendrons jamais vos informations priv\u00e9es enregistr\u00e9es sur ce site <span class=\"has-inline-color has-light-green-cyan-color\">\u00e0 des tiers et tentons de les s\u00e9curiser au maximum. En sachant qu&#8217;aucun syst\u00e8me informatique n&#8217;est prot\u00e9g\u00e9 \u00e0 100%, nous vous conseillons d&#8217;\u00eatre bien attentifs \u00e0 ce que vous publiez.<br>theclonebox.com se r\u00e9serve le droit de communiquer vos donn\u00e9es personnelles aux autorit\u00e9s lors d&#8217;une proc\u00e9dure officielle.<\/span><br><br><strong>7.- L&#8217;utilisation de theclonebox.com pour une transaction<\/strong><br><br>Les annonces consistent en des textes de description, des graphiques et\/ou des images. Elles peuvent d\u00e9crire :<\/p>\n\n\n\n<ul><li>un bien ou un service que vous proposez ;<\/li><li>un bien, une personne ou un service que vous cherchez.<\/li><\/ul>\n\n\n\n<p>Vous avez la possibilit\u00e9 d&#8217;ins\u00e9rer ces deux types d&#8217;annonces sur theclonebox.com, pourvu que la rubrique choisie soit ad\u00e9quate.<br>theclonebox.com n&#8217;est pas responsable de la v\u00e9racit\u00e9 et du contenu des annonces<br><br><strong>8.- Le d\u00e9saccord entre membres<\/strong><br><br>theclonebox.com n&#8217;intervient pas lors de d\u00e9saccords ou de conflits entre membres.<br><br><br><strong>9.- Le syst\u00e8me de transaction<\/strong><br><br>Vous acceptez de ne jamais utiliser le moindre outil, logiciel ou proc\u00e9d\u00e9 pour diminuer ou tenter de diminuer le bon fonctionnement de theclonebox.com et les transactions entre membres.<br>Il ne vous est \u00e9galement interdit d&#8217;effectuer des actions sur theclonebox.com qui vont engendrer une charge d\u00e9raisonnable ou disproportionn\u00e9e sur l&#8217;infrastructure.<br>Le statut de membre n&#8217;\u00e9tant pas transmissible ou transf\u00e9rable, il est interdit de d\u00e9voiler son mot de passe \u00e0 des tiers.<br><br><br><strong>10.- Limite de responsabilit\u00e9<\/strong><br><br>theclonebox.com mettent \u00e0 disposition le site web et les services &#8220;tels quels&#8221;.<br>Nous t\u00e2chons de faire le maximum pour rendre votre exp\u00e9rience sur theclonebox.com aussi riche et plaisante que possible. Cependant, nous ne pouvons pr\u00e9voir ou anticiper tous les probl\u00e8mes techniques ou d&#8217;autres types.<br>Ces probl\u00e8mes peuvent r\u00e9sulter en la perte de donn\u00e9es ou des interruptions de service.<br>Pour cette raison, vous acceptez que les services de theclonebox.com soient propos\u00e9s &#8220;tels quels&#8221;. D\u00e8s lors, nous n&#8217;assumons aucune responsabilit\u00e9 pour toute perte de temps, donn\u00e9es, d&#8217;argent, d&#8217;opportunit\u00e9 ou d&#8217;affaire commerciale.<br><br><br><strong>11.- Blocage ou suppression de compte<\/strong><br><br>En tout temps, nous pouvons adresser un avertissement, suspendre temporairement ou supprimer un compte, une annonce ou tout autre type d&#8217;information sur le site qui ne respecterait pas les conditions d&#8217;utilisation ou les autres r\u00e8glements \u00e9mis par theclonebox.com.<br>De plus, en tout temps, et \u00e0 sa seule discr\u00e9tion, theclonebox.com a le droit de suspendre, bloquer ou supprimer votre compte et de refuser tout actuelle ou future utilisation de ses services s&#8217;il est av\u00e9r\u00e9 que vous avez enfreint les conditions d&#8217;utilisation de theclonebox.com.<br><br><br><strong>12.- Limite de responsabilit\u00e9<\/strong><br><br>La proc\u00e9dure de saisie des petites annonces \u00e9tant largement automatis\u00e9e, theclonebox.com n&#8217;est pas en mesure de visionner toutes les petites annonces. Pour ces raisons, aucune responsabilit\u00e9 ne peut \u00eatre retenue \u00e0 l&#8217;encontre de theclonebox.com sur le contenu des petites annonces incluses dans les rubriques ni pour toute erreur ou omission contenue sur la petite annonce, ni pour tout contenu non objectif, licite ou illicite, diffus\u00e9 sur le site web.<br>theclonebox.com N&#8217;ASSUME AUCUNE RESPONSABILITE POUR LES DOMMAGES SUBIS PAR DES MEMBRES OU PAR DES TIERS, EN CONSEQUENCE DU COMPORTEMENT D&#8217;AUTRES MEMBRES.<br><br><br><strong>13.- Conformit\u00e9 aux lois suisses<\/strong><br><br>En tout temps, vous devez vous conformer aux lois Suisses dans le cadre de l&#8217;utilisation du service, de la n\u00e9gociation, l&#8217;achat, la vente, l&#8217;\u00e9change ou le don de biens et services.<br><br><br><strong>14.- Version<\/strong><br><br>Derni\u00e8re modification de ce document : <span class=\"has-inline-color has-light-green-cyan-color\">27.05.2020 &#8211; V1.01<\/span><\/p>\n\n\n\n<p><strong>15.- Modifications par version<\/strong><\/p>\n\n\n\n<p>V1.00 :<br> &#8211; Cr\u00e9ation du document<\/p>\n\n\n\n<p>V1.01 :<br> &#8211; <span class=\"has-inline-color has-light-green-cyan-color\">Les modifications apport\u00e9es sont visibles en couleur vert clair cyan<\/span> &#8211; 27.05.2020<\/p>\n\n\n\n<p><\/p>\n","protected":false},"excerpt":{"rendered":"<p>Ce document d\u00e9crit les conditions g\u00e9n\u00e9rales d&#8217;utilisation de theclonebox.comSi vous avez des questions au sujet&#8230;<\/p>\n<div class=\"more-link-wrapper\"><a class=\"more-link\" href=\"https:\/\/www.theclonebox.com\/?page_id=159\">Lire l\u2019annonce<span class=\"screen-reader-text\">Conditions d&#8217;utilisation<\/span><\/a><\/div>\n","protected":false},"author":1,"featured_media":0,"parent":0,"menu_order":0,"comment_status":"closed","ping_status":"closed","template":"","meta":[],"_links":{"self":[{"href":"https:\/\/www.theclonebox.com\/index.php?rest_route=\/wp\/v2\/pages\/159"}],"collection":[{"href":"https:\/\/www.theclonebox.com\/index.php?rest_route=\/wp\/v2\/pages"}],"about":[{"href":"https:\/\/www.theclonebox.com\/index.php?rest_route=\/wp\/v2\/types\/page"}],"author":[{"embeddable":true,"href":"https:\/\/www.theclonebox.com\/index.php?rest_route=\/wp\/v2\/users\/1"}],"replies":[{"embeddable":true,"href":"https:\/\/www.theclonebox.com\/index.php?rest_route=%2Fwp%2Fv2%2Fcomments&post=159"}],"version-history":[{"count":11,"href":"https:\/\/www.theclonebox.com\/index.php?rest_route=\/wp\/v2\/pages\/159\/revisions"}],"predecessor-version":[{"id":337,"href":"https:\/\/www.theclonebox.com\/index.php?rest_route=\/wp\/v2\/pages\/159\/revisions\/337"}],"wp:attachment":[{"href":"https:\/\/www.theclonebox.com\/index.php?rest_route=%2Fwp%2Fv2%2Fmedia&parent=159"}],"curies":[{"name":"wp","href":"https:\/\/api.w.org\/{rel}","templated":true}]}}