{"id":3,"date":"2020-04-02T08:49:45","date_gmt":"2020-04-02T07:49:45","guid":{"rendered":"http:\/\/192.168.1.22\/?page_id=3"},"modified":"2020-04-03T14:32:32","modified_gmt":"2020-04-03T13:32:32","slug":"privacy-policy","status":"publish","type":"page","link":"https:\/\/www.theclonebox.com\/?page_id=3","title":{"rendered":"Politique de confidentialit\u00e9"},"content":{"rendered":"\n<p><strong>Introduction<\/strong><br>Devant le d\u00e9veloppement des nouveaux outils de communication, il est n\u00e9cessaire de porter une attention particuli\u00e8re \u00e0 la protection de la vie priv\u00e9e. C&#8217;est pourquoi, nous nous engageons \u00e0 respecter la confidentialit\u00e9 des renseignements personnels que nous collectons.<\/p>\n\n\n\n<p><strong>Collecte des renseignements personnels<\/strong><\/p>\n\n\n\n<p>Nous collectons les renseignements suivants :<\/p>\n\n\n\n<ul><li>Nom<\/li><li>Pr\u00e9nom<\/li><li>Nom d&#8217;utilisateur<\/li><li>Adresse \u00e9lectronique<\/li><li>Num\u00e9ro de t\u00e9l\u00e9phone \/ t\u00e9l\u00e9copieur<\/li><li>Adresse IP<\/li><\/ul>\n\n\n\n<p>Les renseignements personnels que nous collectons sont recueillis au travers de formulaires et gr\u00e2ce \u00e0 l&#8217;interactivit\u00e9 \u00e9tablie entre vous et notre site Web. Nous utilisons \u00e9galement, comme indiqu\u00e9 dans la section suivante, des fichiers t\u00e9moins et\/ou journaux pour r\u00e9unir des informations vous concernant.<\/p>\n\n\n\n<p><strong>Formulaires&nbsp; et interactivit\u00e9:<\/strong><\/p>\n\n\n\n<p>Vos renseignements personnels sont collect\u00e9s par le biais de formulaire, \u00e0 savoir :<\/p>\n\n\n\n<ul><li>Formulaire d&#8217;inscription au site Web<\/li><li>Formulaires de modification de compte<\/li><li>Contenu des petites annonces<\/li><\/ul>\n\n\n\n<p>Nous utilisons les renseignements ainsi collect\u00e9s pour les finalit\u00e9s suivantes :<\/p>\n\n\n\n<ul><li>Statistiques<\/li><li>Contact<\/li><li>Gestion du site Web (pr\u00e9sentation, organisation)<\/li><\/ul>\n\n\n\n<p>Vos renseignements sont \u00e9galement collect\u00e9s par le biais de l&#8217;interactivit\u00e9 pouvant s&#8217;\u00e9tablir entre vous et notre site Web et ce, de la fa\u00e7on suivante:<\/p>\n\n\n\n<ul><li>Contact<\/li><li>Gestion du site Web (pr\u00e9sentation, organisation)<\/li><\/ul>\n\n\n\n<p>Nous utilisons les renseignements ainsi collect\u00e9s pour les finalit\u00e9s suivantes :<\/p>\n\n\n\n<ul><li>Correspondance<\/li><\/ul>\n\n\n\n<p><strong>Droit d&#8217;opposition et de retrait<\/strong><\/p>\n\n\n\n<p>Nous nous engageons \u00e0 vous offrir un droit d&#8217;opposition et de retrait quant \u00e0 vos renseignements personnels.<br>Le droit d&#8217;opposition s&#8217;entend comme \u00e9tant la possibilit\u00e9 offerte aux internautes de refuser que leurs renseignements personnels soient utilis\u00e9es \u00e0 certaines fins mentionn\u00e9es lors de la collecte.<\/p>\n\n\n\n<p>Le droit de retrait s&#8217;entend comme \u00e9tant la possibilit\u00e9 offerte aux internautes de demander \u00e0 ce que leurs renseignements personnels ne figurent plus, par exemple, dans une liste de diffusion.<\/p>\n\n\n\n<p>Pour pouvoir exercer ces droits, vous pouvez :<br>Courriel : webmaster(at)theclonebox.com<\/p>\n\n\n\n<p><strong>Droit d&#8217;acc\u00e8s<\/strong><\/p>\n\n\n\n<p>Nous nous engageons \u00e0 reconna\u00eetre un droit d&#8217;acc\u00e8s et de rectification aux personnes concern\u00e9es d\u00e9sireuses de consulter, modifier, voire radier les informations les concernant.<br>L&#8217;exercice de ce droit se fera :<br>Courriel : webmaster(at)theclonebox.com<\/p>\n\n\n\n<p><strong>S\u00e9curit\u00e9<\/strong><\/p>\n\n\n\n<p>Les renseignements personnels que nous collectons sont conserv\u00e9s dans un environnement s\u00e9curis\u00e9. Les administrateurs sont tenus de respecter la confidentialit\u00e9 de vos informations.<br>Pour assurer la s\u00e9curit\u00e9 de vos renseignements personnels, nous avons recours aux mesures suivantes :<\/p>\n\n\n\n<ul><li>Gestion des acc\u00e8s &#8211; personne autoris\u00e9e<\/li><li>Gestion des acc\u00e8s &#8211; personne concern\u00e9e<\/li><li>Logiciel de surveillance du r\u00e9seau<\/li><li>Sauvegarde informatique<\/li><li>Identifiant \/ mot de passe<\/li><li>Pare-feu (Firewalls)<\/li><\/ul>\n\n\n\n<p>Nous nous engageons \u00e0 maintenir un haut degr\u00e9 de confidentialit\u00e9 en int\u00e9grant les derni\u00e8res innovations technologiques permettant d&#8217;assurer la confidentialit\u00e9 de vos transactions.<\/p>\n\n\n\n<p>Toutefois, comme aucun m\u00e9canisme n&#8217;offre une s\u00e9curit\u00e9 maximale, une part de risque est toujours pr\u00e9sente lorsque l&#8217;on utilise Internet pour transmettre des renseignements personnels.<\/p>\n","protected":false},"excerpt":{"rendered":"<p>IntroductionDevant le d\u00e9veloppement des nouveaux outils de communication, il est n\u00e9cessaire de porter une attention&#8230;<\/p>\n<div class=\"more-link-wrapper\"><a class=\"more-link\" href=\"https:\/\/www.theclonebox.com\/?page_id=3\">Lire l\u2019annonce<span class=\"screen-reader-text\">Politique de confidentialit\u00e9<\/span><\/a><\/div>\n","protected":false},"author":1,"featured_media":0,"parent":0,"menu_order":0,"comment_status":"closed","ping_status":"closed","template":"","meta":[],"_links":{"self":[{"href":"https:\/\/www.theclonebox.com\/index.php?rest_route=\/wp\/v2\/pages\/3"}],"collection":[{"href":"https:\/\/www.theclonebox.com\/index.php?rest_route=\/wp\/v2\/pages"}],"about":[{"href":"https:\/\/www.theclonebox.com\/index.php?rest_route=\/wp\/v2\/types\/page"}],"author":[{"embeddable":true,"href":"https:\/\/www.theclonebox.com\/index.php?rest_route=\/wp\/v2\/users\/1"}],"replies":[{"embeddable":true,"href":"https:\/\/www.theclonebox.com\/index.php?rest_route=%2Fwp%2Fv2%2Fcomments&post=3"}],"version-history":[{"count":3,"href":"https:\/\/www.theclonebox.com\/index.php?rest_route=\/wp\/v2\/pages\/3\/revisions"}],"predecessor-version":[{"id":175,"href":"https:\/\/www.theclonebox.com\/index.php?rest_route=\/wp\/v2\/pages\/3\/revisions\/175"}],"wp:attachment":[{"href":"https:\/\/www.theclonebox.com\/index.php?rest_route=%2Fwp%2Fv2%2Fmedia&parent=3"}],"curies":[{"name":"wp","href":"https:\/\/api.w.org\/{rel}","templated":true}]}}